{"id":257,"date":"2014-01-23T18:45:12","date_gmt":"2014-01-23T18:45:12","guid":{"rendered":"http:\/\/wuffings.co.uk\/?page_id=257"},"modified":"2014-01-23T18:45:12","modified_gmt":"2014-01-23T18:45:12","slug":"st-saethryth-saedryd","status":"publish","type":"page","link":"https:\/\/wuffings.co.uk\/index.php\/wuffings-who-was-who\/section-b-the-house-of-wuffa-down-to-the-mid-eighth-century\/st-saethryth-saedryd\/","title":{"rendered":"St S\u00e6thryth [S\u00e6\u00f0ry\u00f0]"},"content":{"rendered":"<p>Step-daughter of Anna\/Onna [Bede HE III, 8]; Abbess of Faremoutiers-en-Brie, France, where her relics may still be preserved [10th Jan.].<\/p>\n<p>\u00a9 Copyright Dr Sam Newton, Blotmona\u00fe AD 2000<\/p>\n","protected":false},"excerpt":{"rendered":"<p>Step-daughter of Anna\/Onna [Bede HE III, 8]; Abbess of Faremoutiers-en-Brie, France, where her relics may still be preserved [10th Jan.]. \u00a9 Copyright Dr Sam Newton, Blotmona\u00fe AD 2000<\/p>\n <a class=\"more-link\" href=\"https:\/\/wuffings.co.uk\/index.php\/wuffings-who-was-who\/section-b-the-house-of-wuffa-down-to-the-mid-eighth-century\/st-saethryth-saedryd\/\"><span class=\"more-msg\">Continue reading &rarr;<\/span><\/a>","protected":false},"author":1,"featured_media":0,"parent":167,"menu_order":0,"comment_status":"closed","ping_status":"closed","template":"","meta":{"footnotes":""},"class_list":["post-257","page","type-page","status-publish","hentry"],"_links":{"self":[{"href":"https:\/\/wuffings.co.uk\/index.php\/wp-json\/wp\/v2\/pages\/257","targetHints":{"allow":["GET"]}}],"collection":[{"href":"https:\/\/wuffings.co.uk\/index.php\/wp-json\/wp\/v2\/pages"}],"about":[{"href":"https:\/\/wuffings.co.uk\/index.php\/wp-json\/wp\/v2\/types\/page"}],"author":[{"embeddable":true,"href":"https:\/\/wuffings.co.uk\/index.php\/wp-json\/wp\/v2\/users\/1"}],"replies":[{"embeddable":true,"href":"https:\/\/wuffings.co.uk\/index.php\/wp-json\/wp\/v2\/comments?post=257"}],"version-history":[{"count":1,"href":"https:\/\/wuffings.co.uk\/index.php\/wp-json\/wp\/v2\/pages\/257\/revisions"}],"predecessor-version":[{"id":259,"href":"https:\/\/wuffings.co.uk\/index.php\/wp-json\/wp\/v2\/pages\/257\/revisions\/259"}],"up":[{"embeddable":true,"href":"https:\/\/wuffings.co.uk\/index.php\/wp-json\/wp\/v2\/pages\/167"}],"wp:attachment":[{"href":"https:\/\/wuffings.co.uk\/index.php\/wp-json\/wp\/v2\/media?parent=257"}],"curies":[{"name":"wp","href":"https:\/\/api.w.org\/{rel}","templated":true}]}}