{"id":247,"date":"2014-01-23T18:43:31","date_gmt":"2014-01-23T18:43:31","guid":{"rendered":"http:\/\/wuffings.co.uk\/?page_id=247"},"modified":"2014-01-23T18:43:31","modified_gmt":"2014-01-23T18:43:31","slug":"st-aethelthryth-aetheldryd","status":"publish","type":"page","link":"https:\/\/wuffings.co.uk\/index.php\/wuffings-who-was-who\/section-b-the-house-of-wuffa-down-to-the-mid-eighth-century\/st-aethelthryth-aetheldryd\/","title":{"rendered":"St \u00c6thelthryth [\u00c6\u00feel\u00f0ry\u00f0]"},"content":{"rendered":"<p>St \u00c6thelthryth [\u00c6\u00feel\u00f0ry\u00f0]; also known as St \u00c6theldreda or St Audrey<\/p>\n<p>The most famous of the daughters of Anna\/Onna. She married<\/p>\n<p>[1] Tonberht, Prince of the fenland Gyrwe and<\/p>\n<p>[2] Ecgfri\u00f0, prince, later king of Northumbria (670-685).<\/p>\n<p>She was Founding Abbess of Ely. She died and was buried there 679 [23rd June] (HE IV, 19-20).<\/p>\n<p>Her later cult, maintained for centuries by the Abbots and Bishops of Ely, became one of the most powerful in eastern England.<\/p>\n<p>\u00a9 Copyright Dr Sam Newton, Blotmona\u00fe AD 2000<\/p>\n","protected":false},"excerpt":{"rendered":"<p>St \u00c6thelthryth [\u00c6\u00feel\u00f0ry\u00f0]; also known as St \u00c6theldreda or St Audrey The most famous of the daughters of Anna\/Onna. She married [1] Tonberht, Prince of the fenland Gyrwe and [2] Ecgfri\u00f0, prince, later king of Northumbria (670-685). She was Founding <span class=\"excerpt-dots\">&hellip;<\/span> <a class=\"more-link\" href=\"https:\/\/wuffings.co.uk\/index.php\/wuffings-who-was-who\/section-b-the-house-of-wuffa-down-to-the-mid-eighth-century\/st-aethelthryth-aetheldryd\/\"><span class=\"more-msg\">Continue reading &rarr;<\/span><\/a><\/p>\n","protected":false},"author":1,"featured_media":0,"parent":167,"menu_order":0,"comment_status":"closed","ping_status":"closed","template":"","meta":{"footnotes":""},"class_list":["post-247","page","type-page","status-publish","hentry"],"_links":{"self":[{"href":"https:\/\/wuffings.co.uk\/index.php\/wp-json\/wp\/v2\/pages\/247","targetHints":{"allow":["GET"]}}],"collection":[{"href":"https:\/\/wuffings.co.uk\/index.php\/wp-json\/wp\/v2\/pages"}],"about":[{"href":"https:\/\/wuffings.co.uk\/index.php\/wp-json\/wp\/v2\/types\/page"}],"author":[{"embeddable":true,"href":"https:\/\/wuffings.co.uk\/index.php\/wp-json\/wp\/v2\/users\/1"}],"replies":[{"embeddable":true,"href":"https:\/\/wuffings.co.uk\/index.php\/wp-json\/wp\/v2\/comments?post=247"}],"version-history":[{"count":1,"href":"https:\/\/wuffings.co.uk\/index.php\/wp-json\/wp\/v2\/pages\/247\/revisions"}],"predecessor-version":[{"id":249,"href":"https:\/\/wuffings.co.uk\/index.php\/wp-json\/wp\/v2\/pages\/247\/revisions\/249"}],"up":[{"embeddable":true,"href":"https:\/\/wuffings.co.uk\/index.php\/wp-json\/wp\/v2\/pages\/167"}],"wp:attachment":[{"href":"https:\/\/wuffings.co.uk\/index.php\/wp-json\/wp\/v2\/media?parent=247"}],"curies":[{"name":"wp","href":"https:\/\/api.w.org\/{rel}","templated":true}]}}