{"id":239,"date":"2014-01-23T18:41:06","date_gmt":"2014-01-23T18:41:06","guid":{"rendered":"http:\/\/wuffings.co.uk\/?page_id=239"},"modified":"2014-01-23T18:41:06","modified_gmt":"2014-01-23T18:41:06","slug":"st-aethelburh-aethelburh","status":"publish","type":"page","link":"https:\/\/wuffings.co.uk\/index.php\/wuffings-who-was-who\/section-b-the-house-of-wuffa-down-to-the-mid-eighth-century\/st-aethelburh-aethelburh\/","title":{"rendered":"St \u00c6thelburh [\u00c6\u00feelburh]"},"content":{"rendered":"<p>Daughter of Anna [Bede HE III, 8]; Abbess of Faremoutiers-en-Brie, France, where her relics may still be preserved [7th July].<br \/>\n\u00a9 Copyright Dr Sam Newton, Blotmona\u00fe AD 2000<\/p>\n","protected":false},"excerpt":{"rendered":"<p>Daughter of Anna [Bede HE III, 8]; Abbess of Faremoutiers-en-Brie, France, where her relics may still be preserved [7th July]. \u00a9 Copyright Dr Sam Newton, Blotmona\u00fe AD 2000<\/p>\n <a class=\"more-link\" href=\"https:\/\/wuffings.co.uk\/index.php\/wuffings-who-was-who\/section-b-the-house-of-wuffa-down-to-the-mid-eighth-century\/st-aethelburh-aethelburh\/\"><span class=\"more-msg\">Continue reading &rarr;<\/span><\/a>","protected":false},"author":1,"featured_media":0,"parent":167,"menu_order":0,"comment_status":"closed","ping_status":"closed","template":"","meta":{"footnotes":""},"class_list":["post-239","page","type-page","status-publish","hentry"],"_links":{"self":[{"href":"https:\/\/wuffings.co.uk\/index.php\/wp-json\/wp\/v2\/pages\/239","targetHints":{"allow":["GET"]}}],"collection":[{"href":"https:\/\/wuffings.co.uk\/index.php\/wp-json\/wp\/v2\/pages"}],"about":[{"href":"https:\/\/wuffings.co.uk\/index.php\/wp-json\/wp\/v2\/types\/page"}],"author":[{"embeddable":true,"href":"https:\/\/wuffings.co.uk\/index.php\/wp-json\/wp\/v2\/users\/1"}],"replies":[{"embeddable":true,"href":"https:\/\/wuffings.co.uk\/index.php\/wp-json\/wp\/v2\/comments?post=239"}],"version-history":[{"count":1,"href":"https:\/\/wuffings.co.uk\/index.php\/wp-json\/wp\/v2\/pages\/239\/revisions"}],"predecessor-version":[{"id":241,"href":"https:\/\/wuffings.co.uk\/index.php\/wp-json\/wp\/v2\/pages\/239\/revisions\/241"}],"up":[{"embeddable":true,"href":"https:\/\/wuffings.co.uk\/index.php\/wp-json\/wp\/v2\/pages\/167"}],"wp:attachment":[{"href":"https:\/\/wuffings.co.uk\/index.php\/wp-json\/wp\/v2\/media?parent=239"}],"curies":[{"name":"wp","href":"https:\/\/api.w.org\/{rel}","templated":true}]}}