{"id":219,"date":"2014-01-23T18:35:57","date_gmt":"2014-01-23T18:35:57","guid":{"rendered":"http:\/\/wuffings.co.uk\/?page_id=219"},"modified":"2014-02-03T13:31:45","modified_gmt":"2014-02-03T13:31:45","slug":"anna-or-onna-c-640-54","status":"publish","type":"page","link":"https:\/\/wuffings.co.uk\/index.php\/wuffings-who-was-who\/section-b-the-house-of-wuffa-down-to-the-mid-eighth-century\/anna-or-onna-c-640-54\/","title":{"rendered":"ANNA or ONNA (c.640-54)"},"content":{"rendered":"<p>Son of Eni; godfather of Cenwalh, exiled king of Wessex. Onna was later exiled himself and afterwards killed in battle by Penda (HE III, 18; ASC 654). There is a long-standing view that this battle was fought at Bulcamp, just across the river to the north of Blythburgh.<\/p>\n<p>This early nineteenth-century travellers&#8217; rest in Springhole Lane, Bulcamp, is said to have been built over the site of a spring which was once believed to have miraculously appeared on the spot where Onna was killed in the battle [author&#8217;s photograph; thanks to to Mr Johnceline of Wenhaston for this information].<\/p>\n<div id=\"attachment_667\" style=\"width: 310px\" class=\"wp-caption aligncenter\"><a href=\"http:\/\/wuffings.co.uk\/wp-content\/uploads\/2014\/01\/Bulcamp2002_0324-A.jpg\"><img loading=\"lazy\" decoding=\"async\" aria-describedby=\"caption-attachment-667\" class=\"size-medium wp-image-667\" alt=\"Bulcamp \u00a9 Dr Sam Newton 2002\" src=\"http:\/\/wuffings.co.uk\/wp-content\/uploads\/2014\/01\/Bulcamp2002_0324-A-300x244.jpg\" width=\"300\" height=\"244\" srcset=\"https:\/\/wuffings.co.uk\/wp-content\/uploads\/2014\/01\/Bulcamp2002_0324-A-300x244.jpg 300w, https:\/\/wuffings.co.uk\/wp-content\/uploads\/2014\/01\/Bulcamp2002_0324-A-367x300.jpg 367w, https:\/\/wuffings.co.uk\/wp-content\/uploads\/2014\/01\/Bulcamp2002_0324-A.jpg 501w\" sizes=\"auto, (max-width: 300px) 100vw, 300px\" \/><\/a><p id=\"caption-attachment-667\" class=\"wp-caption-text\">Bulcamp \u00a9 Dr Sam Newton 2002<\/p><\/div>\n<p>He was buried at nearby Blythburgh, either on the site of the later great church, or in the priory area to the east, where his tomb was still being venerated by pilgrims in the twelfth century (<em>Liber Eliensis<\/em>).<\/p>\n<p><span style=\"line-height: 1.4em;\">King Onna might be identified with the &#8216;King \u00c6\u00feelmund&#8217; of Abbot Folcard&#8217;s <em>Life of St Botolf<\/em> . Certainly the form of the compound name <em>\u00c6\u00feel-mund<\/em> is precisely consistent with those of all Onna&#8217;s brothers, \u00c6\u00feelric, \u00c6\u00feelhere, and \u00c6\u00feelwald. As Anna (Bede&#8217;s spelling) or Onna (the form in the <em>Anglo-Saxon Chronicle<\/em>) seem likely to be variants of the same nickname, the fuller version of his name may well have begun with <em>\u00c6\u00feel<\/em>.<\/span><\/p>\n<p>Folcard also implies that his queen may have been named S\u00e6wara.<\/p>\n<p>He was father of a saintly progeny: <a title=\"St Jurmin\" href=\"http:\/\/wuffings.co.uk\/index.php\/wuffings-who-was-who\/section-b-the-house-of-wuffa-down-to-the-mid-eighth-century\/st-jurmin\/\">St Jurmin<\/a>, <a title=\"St Seaxburh [also known as Saxburga or Sexburga]\" href=\"http:\/\/wuffings.co.uk\/index.php\/wuffings-who-was-who\/section-b-the-house-of-wuffa-down-to-the-mid-eighth-century\/st-seaxburh-also-known-as-saxburga-or-sexburga\/\">St Seaxburh<\/a>, <a title=\"St Wihtburh\" href=\"http:\/\/wuffings.co.uk\/index.php\/wuffings-who-was-who\/section-b-the-house-of-wuffa-down-to-the-mid-eighth-century\/st-wihtburh\/\">St Wihtburh<\/a>, <a title=\"St \u00c6thelburh [\u00c6\u00feelburh]\" href=\"http:\/\/wuffings.co.uk\/index.php\/wuffings-who-was-who\/section-b-the-house-of-wuffa-down-to-the-mid-eighth-century\/st-aethelburh-aethelburh\/\">St \u00c6thelburh<\/a>, <a title=\"St \u00c6thelthryth [\u00c6\u00feel\u00f0ry\u00f0]\" href=\"http:\/\/wuffings.co.uk\/index.php\/wuffings-who-was-who\/section-b-the-house-of-wuffa-down-to-the-mid-eighth-century\/st-aethelthryth-aetheldryd\/\">St \u00c6thelthryth<\/a>, and a step-daughter, <a title=\"St S\u00e6thryth [S\u00e6\u00f0ry\u00f0]\" href=\"http:\/\/wuffings.co.uk\/index.php\/wuffings-who-was-who\/section-b-the-house-of-wuffa-down-to-the-mid-eighth-century\/st-saethryth-saedryd\/\">St S\u00e6thryth<\/a>.<\/p>\n<p style=\"text-align: center;\">\u00a9 Dr Sam Newton AD 2000, 2014<\/p>\n<p>&nbsp;<\/p>\n","protected":false},"excerpt":{"rendered":"<p>Son of Eni; godfather of Cenwalh, exiled king of Wessex. Onna was later exiled himself and afterwards killed in battle by Penda (HE III, 18; ASC 654). There is a long-standing view that this battle was fought at Bulcamp, just <span class=\"excerpt-dots\">&hellip;<\/span> <a class=\"more-link\" href=\"https:\/\/wuffings.co.uk\/index.php\/wuffings-who-was-who\/section-b-the-house-of-wuffa-down-to-the-mid-eighth-century\/anna-or-onna-c-640-54\/\"><span class=\"more-msg\">Continue reading &rarr;<\/span><\/a><\/p>\n","protected":false},"author":1,"featured_media":0,"parent":167,"menu_order":0,"comment_status":"closed","ping_status":"closed","template":"","meta":{"footnotes":""},"class_list":["post-219","page","type-page","status-publish","hentry"],"_links":{"self":[{"href":"https:\/\/wuffings.co.uk\/index.php\/wp-json\/wp\/v2\/pages\/219","targetHints":{"allow":["GET"]}}],"collection":[{"href":"https:\/\/wuffings.co.uk\/index.php\/wp-json\/wp\/v2\/pages"}],"about":[{"href":"https:\/\/wuffings.co.uk\/index.php\/wp-json\/wp\/v2\/types\/page"}],"author":[{"embeddable":true,"href":"https:\/\/wuffings.co.uk\/index.php\/wp-json\/wp\/v2\/users\/1"}],"replies":[{"embeddable":true,"href":"https:\/\/wuffings.co.uk\/index.php\/wp-json\/wp\/v2\/comments?post=219"}],"version-history":[{"count":4,"href":"https:\/\/wuffings.co.uk\/index.php\/wp-json\/wp\/v2\/pages\/219\/revisions"}],"predecessor-version":[{"id":671,"href":"https:\/\/wuffings.co.uk\/index.php\/wp-json\/wp\/v2\/pages\/219\/revisions\/671"}],"up":[{"embeddable":true,"href":"https:\/\/wuffings.co.uk\/index.php\/wp-json\/wp\/v2\/pages\/167"}],"wp:attachment":[{"href":"https:\/\/wuffings.co.uk\/index.php\/wp-json\/wp\/v2\/media?parent=219"}],"curies":[{"name":"wp","href":"https:\/\/api.w.org\/{rel}","templated":true}]}}