{"id":215,"date":"2014-01-23T18:35:05","date_gmt":"2014-01-23T18:35:05","guid":{"rendered":"http:\/\/wuffings.co.uk\/?page_id=215"},"modified":"2014-01-23T18:35:05","modified_gmt":"2014-01-23T18:35:05","slug":"aethelhere-aethelhere-c-654-5","status":"publish","type":"page","link":"https:\/\/wuffings.co.uk\/index.php\/wuffings-who-was-who\/section-b-the-house-of-wuffa-down-to-the-mid-eighth-century\/aethelhere-aethelhere-c-654-5\/","title":{"rendered":"\u00c6THELHERE [\u00c6\u00feelhere] (c.654-5)"},"content":{"rendered":"<p>Brother of Anna\/Onna; slain in alliance with Penda at the Battle of the River Winw\u00e6d by Oswy, King of Northumbria, November 655 (HE III, 24).<\/p>\n<p>Further Reading:<\/p>\n<p>J.O.Prestwich, &#8220;King \u00c6thelhere and the battle of Winw\u00e6d&#8221;, English Historical Review, 83 (1968), pp.89-95.<\/p>\n<p>\u00a9 Copyright Dr Sam Newton, Blotmona\u00fe AD 2000<\/p>\n","protected":false},"excerpt":{"rendered":"<p>Brother of Anna\/Onna; slain in alliance with Penda at the Battle of the River Winw\u00e6d by Oswy, King of Northumbria, November 655 (HE III, 24). Further Reading: J.O.Prestwich, &#8220;King \u00c6thelhere and the battle of Winw\u00e6d&#8221;, English Historical Review, 83 (1968), <span class=\"excerpt-dots\">&hellip;<\/span> <a class=\"more-link\" href=\"https:\/\/wuffings.co.uk\/index.php\/wuffings-who-was-who\/section-b-the-house-of-wuffa-down-to-the-mid-eighth-century\/aethelhere-aethelhere-c-654-5\/\"><span class=\"more-msg\">Continue reading &rarr;<\/span><\/a><\/p>\n","protected":false},"author":1,"featured_media":0,"parent":167,"menu_order":0,"comment_status":"closed","ping_status":"closed","template":"","meta":{"footnotes":""},"class_list":["post-215","page","type-page","status-publish","hentry"],"_links":{"self":[{"href":"https:\/\/wuffings.co.uk\/index.php\/wp-json\/wp\/v2\/pages\/215","targetHints":{"allow":["GET"]}}],"collection":[{"href":"https:\/\/wuffings.co.uk\/index.php\/wp-json\/wp\/v2\/pages"}],"about":[{"href":"https:\/\/wuffings.co.uk\/index.php\/wp-json\/wp\/v2\/types\/page"}],"author":[{"embeddable":true,"href":"https:\/\/wuffings.co.uk\/index.php\/wp-json\/wp\/v2\/users\/1"}],"replies":[{"embeddable":true,"href":"https:\/\/wuffings.co.uk\/index.php\/wp-json\/wp\/v2\/comments?post=215"}],"version-history":[{"count":1,"href":"https:\/\/wuffings.co.uk\/index.php\/wp-json\/wp\/v2\/pages\/215\/revisions"}],"predecessor-version":[{"id":217,"href":"https:\/\/wuffings.co.uk\/index.php\/wp-json\/wp\/v2\/pages\/215\/revisions\/217"}],"up":[{"embeddable":true,"href":"https:\/\/wuffings.co.uk\/index.php\/wp-json\/wp\/v2\/pages\/167"}],"wp:attachment":[{"href":"https:\/\/wuffings.co.uk\/index.php\/wp-json\/wp\/v2\/media?parent=215"}],"curies":[{"name":"wp","href":"https:\/\/api.w.org\/{rel}","templated":true}]}}