{"id":21,"date":"2014-01-23T16:31:04","date_gmt":"2014-01-23T16:31:04","guid":{"rendered":"http:\/\/wuffings.co.uk\/?page_id=21"},"modified":"2026-01-30T11:22:49","modified_gmt":"2026-01-30T11:22:49","slug":"about-me","status":"publish","type":"page","link":"https:\/\/wuffings.co.uk\/index.php\/about-me\/","title":{"rendered":"About Me and My Works"},"content":{"rendered":"<p>I have always been interested in history, but what seems to have inspired my particular interests in the early history of the English-speaking peoples dates from a solo bicycle-ride to Sutton Hoo in 1965. \u00a0I pedalled over to Sutton Hoo again the following year, when Dr Rupert Bruce-Mitford\u2019s excavations were underway, and given a friendly welcome.\u00a0 This led to a school project and my first visit to the British Museum.\u00a0 Later the interests kindled at Sutton Hoo were deepened by reading the works of Professor Tolkien, which inevitably led to me to <em>Beowulf<\/em>.<\/p>\n<p>I had the good fortune to build on these foundations by studying Old English as an undergraduate at the University of East Anglia with Professor Malcolm Andrew.\u00a0 He then directed me through the early stages of my postgraduate research into the origins of <em>Beowulf<\/em>, before putting me on the road to Cambridge and the supervision of Professor Michael Lapidge.\u00a0 Thanks to their scholarly guidance and example, as well as the renewed encouragement of Dr Rupert Bruce-Mitford, I was awarded my Ph.D. at UEA in 1991. I then rewrote my thesis as a book, <a title=\"The Origins of Beowulf and the pre-Viking Kingdom of East Anglia\" href=\"http:\/\/wuffings.co.uk\/index.php\/about-me\/the-origins-of-beowulf-and-the-pre-viking-kingdom-of-east-anglia\/\"><em>The Origins of Beowulf and the pre-Viking Kingdom of East Anglia<\/em><\/a>, published by Boydell and Brewer in 1993. For that I received many positive reviews, including one by Professor Tom Shippey in <em>The Times Literary Supplement<\/em>, which was published on Waterloo Day that year, and he has been a friend and mentor ever since. My second book, <a title=\"The Reckoning of King R\u00e6dwald\" href=\"http:\/\/wuffings.co.uk\/index.php\/about-me\/the-reckoning-of-king-raedwald\/\"><em>The Reckoning of King R\u00e6dwald<\/em><\/a>, followed in 2003.<\/p>\n<p>As well as writing, I have been working as a free lance tutor in Wuffing and Early Medieval Studies (Old English Literature, Language, History, &amp; Archaeology) since 1986, running courses in and around East Anglia. I have also conducted guided site-tours to Sutton Hoo, Rendlesham, and related sites across East Anglia and the wider English landscape. More recently I have been contributing to many Radio and Television programmes, especially <em>Time Team<\/em> (see further below).<\/p>\n<p>In 2002 I was a co-founder of Wuffing Education, and I have been running study-days live and online ever since. For the current programme, see my homepage or the Wuffing Education pages on Facebook or Eventbrite.<\/p>\n<p>I&#8217;ve also been touring far and wide as a lecturer for the National Association of Decorative &amp; Fine Arts&#8217; Societies (now the Arts&#8217; Society) since 2004.<\/p>\n<p style=\"text-align: center;\"><a href=\"http:\/\/wuffings.co.uk\/wp-content\/uploads\/2014\/01\/K75rtal2.jpg\"><img loading=\"lazy\" decoding=\"async\" class=\"aligncenter size-medium wp-image-331\" src=\"http:\/\/wuffings.co.uk\/wp-content\/uploads\/2014\/01\/K75rtal2-210x300.jpg\" alt=\"K75rtal[2]\" width=\"210\" height=\"300\" srcset=\"https:\/\/wuffings.co.uk\/wp-content\/uploads\/2014\/01\/K75rtal2-210x300.jpg 210w, https:\/\/wuffings.co.uk\/wp-content\/uploads\/2014\/01\/K75rtal2.jpg 372w\" sizes=\"auto, (max-width: 210px) 100vw, 210px\" \/><\/a><\/p>\n<p style=\"text-align: center;\"><em><span style=\"line-height: 1.4em;\">Giving a lift to a pilgrim on my old BMW K75RT on the way to St Botolf&#8217;s at Iken, July 2000 (thanks to Alan Lockwood for the picture).<\/span><\/em><\/p>\n<p style=\"text-align: center;\"><a href=\"http:\/\/wuffings.co.uk\/wp-content\/uploads\/2014\/01\/SeamusSam.jpg\"><img loading=\"lazy\" decoding=\"async\" class=\"aligncenter size-medium wp-image-457\" src=\"http:\/\/wuffings.co.uk\/wp-content\/uploads\/2014\/01\/SeamusSam-300x225.jpg\" alt=\"Seamus&amp;Sam\" width=\"300\" height=\"225\" srcset=\"https:\/\/wuffings.co.uk\/wp-content\/uploads\/2014\/01\/SeamusSam-300x225.jpg 300w, https:\/\/wuffings.co.uk\/wp-content\/uploads\/2014\/01\/SeamusSam-400x300.jpg 400w, https:\/\/wuffings.co.uk\/wp-content\/uploads\/2014\/01\/SeamusSam.jpg 1000w\" sizes=\"auto, (max-width: 300px) 100vw, 300px\" \/><\/a><\/p>\n<p style=\"text-align: center;\"><em>At the Opening of the National Trust&#8217;s Visitors&#8217; Centre at Sutton Hoo, March 13th 2002, with Seamus Heaney, who gave such a memorable opening address (thanks to Rosemary Hoppitt for the picture).<\/em><\/p>\n<p><a href=\"http:\/\/wuffings.co.uk\/wp-content\/uploads\/2014\/01\/SAM03D-A.jpg\"><img loading=\"lazy\" decoding=\"async\" class=\"aligncenter size-medium wp-image-455\" src=\"http:\/\/wuffings.co.uk\/wp-content\/uploads\/2014\/01\/SAM03D-A-300x272.jpg\" alt=\"SAM03D A\" width=\"300\" height=\"272\" srcset=\"https:\/\/wuffings.co.uk\/wp-content\/uploads\/2014\/01\/SAM03D-A-300x272.jpg 300w, https:\/\/wuffings.co.uk\/wp-content\/uploads\/2014\/01\/SAM03D-A.jpg 433w\" sizes=\"auto, (max-width: 300px) 100vw, 300px\" \/><\/a><\/p>\n<p style=\"text-align: center;\"><em>Just back from leading a tour of the barrows at Sutton Hoo on Summer 2003 (thanks to Jane Newick for the picture). In the foreground is my wonderful old work-horse BMW R1100RT<\/em><\/p>\n<p><em><a href=\"http:\/\/wuffings.co.uk\/wp-content\/uploads\/2014\/01\/michael-sam0054.jpg\"><img loading=\"lazy\" decoding=\"async\" class=\"aligncenter size-medium wp-image-459\" src=\"http:\/\/wuffings.co.uk\/wp-content\/uploads\/2014\/01\/michael-sam0054-300x199.jpg\" alt=\"michael-sam0054\" width=\"300\" height=\"199\" srcset=\"https:\/\/wuffings.co.uk\/wp-content\/uploads\/2014\/01\/michael-sam0054-300x199.jpg 300w, https:\/\/wuffings.co.uk\/wp-content\/uploads\/2014\/01\/michael-sam0054-451x300.jpg 451w, https:\/\/wuffings.co.uk\/wp-content\/uploads\/2014\/01\/michael-sam0054.jpg 800w\" sizes=\"auto, (max-width: 300px) 100vw, 300px\" \/><\/a><\/em><\/p>\n<p style=\"text-align: center;\"><em>On site with Professor Michael Alexander, April 2009, with my replica of the royal lyre of Sutton Hoo (thanks to David Addy for the picture)<\/em><\/p>\n<p><em><a href=\"http:\/\/wuffings.co.uk\/wp-content\/uploads\/2014\/01\/Sam-on-Beemer-in-Gothenberg-Autumn-2011.jpg\"><img loading=\"lazy\" decoding=\"async\" class=\"aligncenter size-medium wp-image-461\" src=\"http:\/\/wuffings.co.uk\/wp-content\/uploads\/2014\/01\/Sam-on-Beemer-in-Gothenberg-Autumn-2011-300x215.jpg\" alt=\"Sam on Beemer in Gothenberg Autumn 2011\" width=\"300\" height=\"215\" srcset=\"https:\/\/wuffings.co.uk\/wp-content\/uploads\/2014\/01\/Sam-on-Beemer-in-Gothenberg-Autumn-2011-300x215.jpg 300w, https:\/\/wuffings.co.uk\/wp-content\/uploads\/2014\/01\/Sam-on-Beemer-in-Gothenberg-Autumn-2011-417x300.jpg 417w, https:\/\/wuffings.co.uk\/wp-content\/uploads\/2014\/01\/Sam-on-Beemer-in-Gothenberg-Autumn-2011.jpg 985w\" sizes=\"auto, (max-width: 300px) 100vw, 300px\" \/><\/a><\/em><\/p>\n<p style=\"text-align: center;\"><em>Astride my\u00a0trusty old Beemer during my 1000-mile tour of Scandinavia, Autumn 2011 (thanks to dear Maria of Archaeology by the Way, Gothenberg Museum, for the picture)<\/em><\/p>\n<p><em><a href=\"http:\/\/wuffings.co.uk\/wp-content\/uploads\/2014\/01\/Sam-in-Finnestorp-sacrificial-bog-Autumn-2011-Archaeology-by-the-Way-Gothenberg.jpg\"><img loading=\"lazy\" decoding=\"async\" class=\"aligncenter size-medium wp-image-465\" src=\"http:\/\/wuffings.co.uk\/wp-content\/uploads\/2014\/01\/Sam-in-Finnestorp-sacrificial-bog-Autumn-2011-Archaeology-by-the-Way-Gothenberg-124x300.jpg\" alt=\"Sam in Finnestorp sacrificial bog Autumn 2011 (Archaeology by the Way, Gothenberg)\" width=\"124\" height=\"300\" srcset=\"https:\/\/wuffings.co.uk\/wp-content\/uploads\/2014\/01\/Sam-in-Finnestorp-sacrificial-bog-Autumn-2011-Archaeology-by-the-Way-Gothenberg-124x300.jpg 124w, https:\/\/wuffings.co.uk\/wp-content\/uploads\/2014\/01\/Sam-in-Finnestorp-sacrificial-bog-Autumn-2011-Archaeology-by-the-Way-Gothenberg-425x1024.jpg 425w, https:\/\/wuffings.co.uk\/wp-content\/uploads\/2014\/01\/Sam-in-Finnestorp-sacrificial-bog-Autumn-2011-Archaeology-by-the-Way-Gothenberg.jpg 507w\" sizes=\"auto, (max-width: 124px) 100vw, 124px\" \/><\/a><\/em><\/p>\n<p style=\"text-align: center;\"><em>Standing in the former sacrificial bog in Finnestorp, Sweden, Autumn 2011 (thanks to Maria of Archaeology by the Way, Gothenberg Museum, for the picture)<\/em><\/p>\n<h2 style=\"font-weight: normal;\" align=\"center\"><span style=\"color: #000080; font-size: large;\"><b><span style=\"text-decoration: underline;\">Presentations<\/span><\/b><\/span><\/h2>\n<blockquote style=\"font-weight: normal;\"><p><span style=\"font-size: medium;\">My academic presentations include the following: the Oxford Sutton Hoo Research Conferences (1987, 1988); the Sutton Hoo Fiftieth Anniversary Conferences [Snape, Cornell, &amp; York] (1989); King&#8217;s College London\u00a0<i>Fontes Anglo-Saxonici<\/i>\u00a0(1993); Leeds International Medieval Congress (1994, 1997); Visiting Professorship, 3rd University of Rome (1996); Oxford Conference on the Anniversary of the Coming of St Augustine (1997); Sutton Hoo Society Conference (2002<span lang=\"en-gb\">, 2009<\/span>); NADFAS (<span lang=\"en-gb\">from\u00a0<\/span>2004)<span lang=\"en-gb\">; Gothenberg Museum Conference on North Sea Connections (2011)<\/span>.<\/span><\/p><\/blockquote>\n<h2 style=\"font-weight: normal;\" align=\"center\"><span style=\"color: #000080;\"><b><span style=\"font-size: large;\"><span style=\"text-decoration: underline;\">Television and Radio<\/span><\/span><\/b><\/span><\/h2>\n<blockquote style=\"font-weight: normal;\"><p><span style=\"font-size: medium;\">I have appeared in and\/or contributed to the following programmes:\u00a0<\/span><\/p>\n<blockquote><p><i><span style=\"font-size: small;\">AD1000<\/span><\/i><span style=\"font-size: small;\">\u00a0(Channel Four<span lang=\"en-gb\">,\u00a0<\/span>31st Dec. 1999; repeated on Discovery Channel)\u00a0<\/span><\/p>\n<p><span style=\"font-size: small;\"><i>Ruins<\/i>\u00a0(BBC Radio 4<span lang=\"en-gb\">,\u00a0<\/span>Nov.5th 2000)\u00a0\u00a0<\/span><\/p>\n<p><span style=\"font-size: small;\">Anglia TV News feature on Sutton Hoo (April 19th 2001)\u00a0\u00a0<\/span><\/p>\n<p><span style=\"font-size: small;\"><i>The Village\u00a0<\/i>(BBC Radio 4<span lang=\"en-gb\">,<\/span>\u00a029th Sept. 2001)\u00a0\u00a0<\/span><\/p>\n<p><span style=\"font-size: small;\"><i>Making History<\/i>\u00a0(BBC Radio 4<span lang=\"en-gb\">,<\/span>\u00a030th Oct. 2001)\u00a0<\/span><\/p>\n<p><span style=\"font-size: small;\">Anglia TV News feature on St Edmund (20th Nov. 2001)\u00a0\u00a0<\/span><\/p>\n<p><i><span style=\"font-size: small;\">Blood of the Vikings<\/span><\/i><span style=\"font-size: small;\">\u00a0(BBC 2<span lang=\"en-gb\">,<\/span>\u00a027th Nov. 2001; revised repeat 9th Dec. 2002; also repeated on Discovery Channel)<\/span><\/p>\n<p><span style=\"font-size: small;\"><i>The Long Search<\/i>\u00a0(BBC Radio 4<span lang=\"en-gb\">,<\/span>\u00a027th June 2002)<\/span><\/p>\n<p><span style=\"font-size: small;\"><i>Making History<\/i>\u00a0(BBC Radio 4<span lang=\"en-gb\">,<\/span>\u00a019th Nov. 2002)\u00a0<\/span><\/p>\n<p><i><span style=\"font-size: small;\">Monarchy<\/span><\/i><span style=\"font-size: small;\">\u00a0(Channel 4, October 2004)<\/span><\/p>\n<p><i><span style=\"font-size: small;\">Time Team Special: The King of Bling\u00a0<\/span><\/i><span style=\"font-size: small;\"><span lang=\"en-gb\">(<\/span>2005)<\/span><span lang=\"en-gb\"><span style=\"font-size: small;\">\u00a0&#8211; on the East Saxon royal burial at Prittlewell, Essex<\/span><\/span><\/p>\n<p><span lang=\"en-gb\"><span style=\"font-size: small;\"><i>The Anglo-Saxon Lyre<\/i>\u00a0(BBC Radio 4, 27th Sept. 2005)<\/span><\/span><\/p>\n<p><span lang=\"en-gb\"><i><span style=\"font-size: small;\">Time Team: Eastry, Kent\u00a0<\/span><\/i><span style=\"font-size: small;\">(2005)<\/span><\/span><\/p>\n<p><i><span style=\"font-size: small;\">Time Team: Islip, Oxfordshire<\/span><\/i><span style=\"font-size: small;\">\u00a0(2006)<\/span><span class=\"Apple-converted-space\"><span style=\"font-size: small;\">\u00a0<\/span><\/span><\/p>\n<p><i><span style=\"font-size: small;\">Time Team: Hooke Court, Dorset\u00a0<\/span><\/i><span style=\"font-size: small;\">\u00a0(2007)<\/span><span class=\"Apple-converted-space\"><span style=\"font-size: small;\">\u00a0<\/span><\/span><\/p>\n<p><i><span style=\"font-size: small;\">Time Team: Wicken, Northamptonshire\u00a0<\/span><\/i><span style=\"font-size: small;\">(2007)<\/span><\/p>\n<p><i><span lang=\"en-gb\"><span style=\"font-size: small;\">Tony Robinson&#8217;s Series on the History of the Law\u00a0 (2007)<\/span><\/span><\/i><\/p>\n<p><i><span style=\"font-size: small;\">Time Team: Knave Hill, Leicestershire\u00a0<\/span><\/i><span style=\"font-size: small;\">(2008)<\/span><span class=\"Apple-converted-space\"><span style=\"font-size: small;\">\u00a0<\/span><\/span><\/p>\n<p><i><span style=\"font-size: small;\">Time Team: Portskewett, South Wales\u00a0<\/span><\/i><span style=\"font-size: small;\">(2008)<\/span><\/p>\n<p><span lang=\"en-gb\"><i><span style=\"font-size: small;\">Michael Wood on Beowulf\u00a0<\/span><\/i><span style=\"font-size: small;\">(2009)<\/span><\/span><\/p>\n<p><i><span style=\"font-size: small;\">Time Team: Blythburgh, Suffolk\u00a0<\/span><\/i><span style=\"font-size: small;\">(2009)<\/span><span class=\"Apple-converted-space\"><span style=\"font-size: small;\">\u00a0<\/span><\/span><\/p>\n<p><i><span style=\"font-size: small;\">Time Team: Sutton Courtenay, Oxfordshire\u00a0<\/span><\/i><span style=\"font-size: small;\"><span lang=\"en-gb\">(<\/span>2010)<\/span><span class=\"Apple-converted-space\"><span style=\"font-size: small;\">\u00a0<\/span><\/span><\/p>\n<p><i><span style=\"font-size: small;\">Digging for Britain<span lang=\"en-gb\">\u00a0with Dr Alice Roberts<\/span><\/span><\/i><span style=\"font-size: small;\">\u00a0(2010)<\/span><span class=\"Apple-converted-space\"><span style=\"font-size: small;\">\u00a0<\/span><\/span><\/p>\n<p><i><span style=\"font-size: small;\">Time Team<span lang=\"en-gb\">\u00a0<\/span>Special: The Real Vikings\u00a0<\/span><\/i><span style=\"font-size: small;\">(2010)<\/span><span class=\"Apple-converted-space\"><span style=\"font-size: small;\">\u00a0<\/span><\/span><\/p>\n<p><i><span style=\"font-size: small;\">Time Team: West Langton, Leicestershire<\/span><\/i><span style=\"font-size: small;\">\u00a0(2011)<\/span><span class=\"Apple-converted-space\"><span style=\"font-size: small;\">\u00a0<\/span><\/span><\/p>\n<p><i><span style=\"font-size: small;\">Time Team: Bamburgh, Northumberland<\/span><\/i><span style=\"font-size: small;\">\u00a0(2011)<\/span><\/p>\n<p><i><span class=\"Apple-converted-space\"><span lang=\"en-gb\"><span style=\"font-size: small;\">Time Team\u00a0<\/span><\/span><\/span><span style=\"font-size: small;\">Compilation<span class=\"Apple-converted-space\"><span lang=\"en-gb\">:<\/span>\u00a0<\/span>The Way We Lived\u00a0\u00a0<\/span><\/i><span style=\"font-size: small;\">(2011)<\/span><\/p>\n<p><i><span lang=\"en-gb\"><span style=\"font-size: small;\">Time Team\u00a0<\/span><\/span><span style=\"font-size: small;\">Compilation<span lang=\"en-gb\">:\u00a0<\/span>Burials\u00a0<\/span><\/i><span style=\"font-size: small;\">\u00a0(2012)<\/span><\/p>\n<p><i><span style=\"font-size: small;\">Time Team: Beadnell, Northumberland<\/span><\/i><span style=\"font-size: small;\">\u00a0(2012)<\/span><span class=\"Apple-converted-space\"><span style=\"font-size: small;\">\u00a0\u00a0\u00a0\u00a0\u00a0<\/span><span lang=\"en-gb\"><span style=\"font-size: small;\">&#8211; for a clip of my experimental attempt at playing a replica of the royal lyre from Sutton Hoo while reciting the Northumbrian version of C\u00e6dmon&#8217;s Hymn, see <\/span><\/span><\/span><a href=\"http:\/\/www.youtube.com\/watch?v=g-nwqu76hQY\"><span style=\"font-size: small;\">http:\/\/www.youtube.com\/watch?v=g-nwqu76hQY<\/span><\/a><\/p>\n<p><span lang=\"en-gb\"><i><span style=\"font-size: small;\">Time Team Special:\u00a0<\/span><\/i><\/span><span style=\"font-size: small;\"><i>Secrets of the Saxon Gold<span lang=\"en-gb\">\u00a0<\/span><\/i>(2012)\u00a0<\/span><span lang=\"en-gb\"><span style=\"font-size: small;\">&#8211; on the Staffordshire Hoard.<\/span><\/span><\/p>\n<p>Making History (BBC Radio 4) on the astonishing archaeology of the Iceni in Thetford (2016)<\/p>\n<p>Time Team: Winfarthing (2022)<\/p>\n<p>Time Team: Sutton Hoo (2024)<\/p><\/blockquote>\n<\/blockquote>\n<h2 style=\"font-weight: normal;\" align=\"center\"><span style=\"color: #000080;\"><strong>My Publications<\/strong><\/span><\/h2>\n<h5 style=\"padding-left: 40px;\"><b><\/b><span style=\"font-size: small;\">(1) &#8220;The Seventh-Century Royal House of East Anglia: A Genealogy&#8221;,\u00a0<i>Saxon<\/i>, 10 (1989), pp.6-7.\u00a0<\/span><\/h5>\n<h5 style=\"padding-left: 40px;\"><span style=\"font-size: small;\">(2) &#8220;<i>Beowulf<\/i>\u00a0and the East Anglian Royal Pedigree&#8221;,\u00a0<i>The Age of Sutton Hoo<\/i>, ed. M.O.H. Carver (Boydell, Woodbridge, 1992), pp.65-74.<\/span><\/h5>\n<h5 style=\"padding-left: 40px;\"><span style=\"font-size: small;\">(3)\u00a0<i>The Origins of Beowulf and the pre-Viking Kingdom of East Anglia<\/i>\u00a0(Brewer, Cambridge, 1993, 1994, 1999) &#8211; see\u00a0<a href=\"http:\/\/wuffings.co.uk\/index.php\/about-me\/the-origins-of-beowulf-and-the-pre-viking-kingdom-of-east-anglia\/\">my book-section for reviews<\/a>.\u00a0<\/span><\/h5>\n<h5 style=\"padding-left: 40px;\"><span style=\"font-size: small;\">(4) &#8220;The Sutton Hoo Society Trip to Northern Suffolk&#8221;,\u00a0<i>Saxon<\/i>, 19 (1993), pp.6-7.<\/span><\/h5>\n<h5 style=\"padding-left: 40px;\"><span style=\"font-size: small;\">(5) &#8220;Sutton Hoo and\u00a0<i>Beowulf<\/i>&#8220;,\u00a0<i>Saxon<\/i>, 21 (1994), pp.1-3.<\/span><\/h5>\n<h5 style=\"padding-left: 40px;\"><span style=\"font-size: small;\">(6) &#8220;The Sutton Hoo Society Visit to East Anglia&#8217;s South-Western Approaches&#8221;, <i>Saxon<\/i>, 21 (1994), p.5.<\/span><\/h5>\n<h5 style=\"padding-left: 40px;\"><span style=\"font-size: small;\">(7) &#8220;W\u00e9s \u00de\u00fa, \u00c9adwin, h\u00e1l! (An Old English Salute to Edwin Gifford)&#8221;, <i>Saxon<\/i>, 21 (1994), pp.4-5.<\/span><\/h5>\n<h5 style=\"padding-left: 40px;\"><span style=\"font-size: small;\">(8) &#8220;The Sutton Hoo Society Visit to Norfolk&#8221;, <i>Saxon<\/i>, 23 (1995), pp.6-7.<\/span><\/h5>\n<h5 style=\"padding-left: 40px;\"><span style=\"font-size: small;\">(9) &#8220;The 1996 Sutton Hoo Society Visit to Thetford, Ely, and Bury St Edmunds&#8221;, <i>Saxon<\/i>, 25 (1997), pp.5-6.<\/span><\/h5>\n<h5 style=\"padding-left: 40px;\"><span style=\"font-size: small;\">(10) &#8220;The Sutton Hoo Society Outing to Sutton Hoo and related sites in S.E.Suffolk&#8221;, <i>Saxon<\/i>, 27 (1997), pp.6-7.<\/span><\/h5>\n<h5 style=\"padding-left: 40px;\"><span style=\"font-size: small;\">(11) &#8220;King Arthur: a military history (Review Article)&#8221; <i>Newsletter of the Suffolk Institute of Archaeology &amp; History<\/i>, 48 (1999), p.12.<\/span><\/h5>\n<h5 style=\"padding-left: 40px;\"><span style=\"font-size: small;\">(12) &#8220;AD 999&#8221; (with Paul Sieveking), <i>Fortean Times<\/i>, 129 (Dec. 1999), pp.40-44.<\/span><\/h5>\n<h5 style=\"padding-left: 40px;\"><span style=\"font-size: small;\">(13) &#8220;An Autumn Excursion to the Kingdom of the East Saxons&#8221;, <i>Saxon<\/i>, 31 (1999), pp.2-3.<\/span><\/h5>\n<h5 style=\"padding-left: 40px;\"><span style=\"font-size: small;\">(14) &#8220;<a href=\"http:\/\/wuffings.co.uk\/index.php\/wuffing-resources\/in-defence-of-the-wuffings\/\">In Defence of the Wuffings: A Review of Martin Carver&#8217;s\u00a0<em>Sutton Hoo: Burial Ground of Kings?<\/em><\/a>&#8221;\u00a0<em>Newsletter of the Suffolk Institute of Archaeology &amp; History<\/em>, 50 (2000), pp.10-11.<\/span><\/h5>\n<h5 style=\"padding-left: 40px;\"><span style=\"font-size: small;\">(15) <a href=\"http:\/\/wuffings.co.uk\/index.php\/about-me\/the-reckoning-of-king-raedwald\/\"><i>The Reckoning of King R\u00e6dwald<span lang=\"en-gb\">: the Story of the King linked to the Sutton Hoo Ship-Burial <\/span><\/i><\/a>(Redbird 2003).<\/span><\/h5>\n<h6 style=\"padding-left: 40px;\"><span lang=\"en-gb\"><span style=\"font-size: small;\">(16) &#8220;<a href=\"https:\/\/www.academia.edu\/12009113\/The_Battle_of_Newmouth_and_the_Lost_Viking_History_of_Sudbourne_with_a_postscript_of_the_place_name_Orford_2011_\">The Battle of Newmouth and the Lost Viking History of Sudbourne. with a postscript on the place-name\u00a0<i>Orford<\/i><\/a>&#8220;,\u00a0<\/span><\/span><span style=\"font-size: small;\"><i>P<span lang=\"en-gb\">roceedings of the\u00a0<\/span>Suffolk Institute of Archaeology &amp; History<span lang=\"en-gb\">,\u00a0<\/span><\/i><\/span><span lang=\"en-gb\"><span style=\"font-size: small;\">42 (2011), pp.292-299.<\/span><\/span><\/h6>\n<h5 style=\"padding-left: 40px;\">(17) &#8220;<a href=\"https:\/\/www.academia.edu\/24535583\/Sutton_Hoo_Burial_Ground_of_Dissidents_2016_\">Sutton Hoo: Burial-Ground of Dissidents?<\/a>&#8220;,\u00a0<em>Saxon<\/em>, 62 (2016), pp.7-8.<\/h5>\n<h5 style=\"padding-left: 40px;\">(18) &#8220;<a href=\"https:\/\/www.academia.edu\/31792734\/The_Forgotten_History_of_St_B%C3%B3twulf_Botolph_2017_\">The Forgotten History of St B\u00f3twulf (Botolph)<\/a>&#8220;,\u00a0<em>The Proceedings of the Suffolk Institute of Archaeology and History<\/em>, 43 (2016), pp. 521-550.<\/h5>\n","protected":false},"excerpt":{"rendered":"<p>I have always been interested in history, but what seems to have inspired my particular interests in the early history of the English-speaking peoples dates from a solo bicycle-ride to Sutton Hoo in 1965. \u00a0I pedalled over to Sutton Hoo <span class=\"excerpt-dots\">&hellip;<\/span> <a class=\"more-link\" href=\"https:\/\/wuffings.co.uk\/index.php\/about-me\/\"><span class=\"more-msg\">Continue reading &rarr;<\/span><\/a><\/p>\n","protected":false},"author":1,"featured_media":0,"parent":0,"menu_order":0,"comment_status":"closed","ping_status":"closed","template":"","meta":{"footnotes":""},"class_list":["post-21","page","type-page","status-publish","hentry"],"_links":{"self":[{"href":"https:\/\/wuffings.co.uk\/index.php\/wp-json\/wp\/v2\/pages\/21","targetHints":{"allow":["GET"]}}],"collection":[{"href":"https:\/\/wuffings.co.uk\/index.php\/wp-json\/wp\/v2\/pages"}],"about":[{"href":"https:\/\/wuffings.co.uk\/index.php\/wp-json\/wp\/v2\/types\/page"}],"author":[{"embeddable":true,"href":"https:\/\/wuffings.co.uk\/index.php\/wp-json\/wp\/v2\/users\/1"}],"replies":[{"embeddable":true,"href":"https:\/\/wuffings.co.uk\/index.php\/wp-json\/wp\/v2\/comments?post=21"}],"version-history":[{"count":25,"href":"https:\/\/wuffings.co.uk\/index.php\/wp-json\/wp\/v2\/pages\/21\/revisions"}],"predecessor-version":[{"id":2446,"href":"https:\/\/wuffings.co.uk\/index.php\/wp-json\/wp\/v2\/pages\/21\/revisions\/2446"}],"wp:attachment":[{"href":"https:\/\/wuffings.co.uk\/index.php\/wp-json\/wp\/v2\/media?parent=21"}],"curies":[{"name":"wp","href":"https:\/\/api.w.org\/{rel}","templated":true}]}}