{"id":207,"date":"2014-01-23T18:33:13","date_gmt":"2014-01-23T18:33:13","guid":{"rendered":"http:\/\/wuffings.co.uk\/?page_id=207"},"modified":"2016-02-26T12:47:06","modified_gmt":"2016-02-26T12:47:06","slug":"the-defences-of-the-wuffing-kingdom","status":"publish","type":"page","link":"https:\/\/wuffings.co.uk\/index.php\/wuffing-resources\/the-defences-of-the-wuffing-kingdom\/","title":{"rendered":"The Defences of the Wuffing Kingdom"},"content":{"rendered":"<p>The Kingdom of the Wuffings, the land of the Eastern Angles, appears to correspond more of less to the counties of Norfolk and Suffolk. It is a region formed by nature. To the north and east it is given shape by the sea, though the coastline must have changed much down the centuries as the waves have eroded away headlands and silted up estuaries. To the west lie the Fenlands, a vast wetland which, apart from islands like Ely, seem to have been largely uninhabited for many generations after the flooding which followed the end of the Roman period. To the south lay the wildwoods of northern Essex and several rivers running west to east, of which the greatest, the Stour, still marks the southern boundary of Suffolk.<\/p>\n<p>This leaves only one point where there is open land access into the Kingdom &#8211; in the south-west, where the ancient roads of the Icknield Way run across the chalk margin between the fenlands of the River Cam and its tributaries and the largely wooded clay uplands of the north-eastern arm of the Chiltern Hills. And it is here that a series of linear earthworks can be seen still standing guard over the kingdom&#8217;s south-west approaches.<\/p>\n<p>Dating from the time of the kingdom&#8217;s formation during the fifth and sixth centuries, as recent archaeological work has shown, these earthworks form successive defensive lines facing south-west and with their flanks formerly secured by forest and fen. Known as Dykes or Ditches [from the Old English dic], they include Bran [or Heydon] Ditch, Brent Ditch, Fleam Dyke, Devil&#8217;s [or St Edmund&#8217;s] Dyke, and Black Ditches.<\/p>\n<p style=\"text-align: center;\"><a href=\"http:\/\/wuffings.co.uk\/wp-content\/uploads\/2014\/01\/EADYKES.jpg\"><img loading=\"lazy\" decoding=\"async\" class=\"aligncenter size-full wp-image-853\" src=\"http:\/\/wuffings.co.uk\/wp-content\/uploads\/2014\/01\/EADYKES.jpg\" alt=\"EADYKES\" width=\"555\" height=\"782\" srcset=\"https:\/\/wuffings.co.uk\/wp-content\/uploads\/2014\/01\/EADYKES.jpg 555w, https:\/\/wuffings.co.uk\/wp-content\/uploads\/2014\/01\/EADYKES-212x300.jpg 212w\" sizes=\"auto, (max-width: 555px) 100vw, 555px\" \/><\/a><\/p>\n<p style=\"text-align: center;\">A sketch map of the south-western defence lines of the Wuffing kingdom<\/p>\n<p>The largest are Fleam Dyke and Devil&#8217;s Dyke. These Dykes might have formed the main defences that the East Anglian army held against the great raid by the army of Penda of Mercia around the year 640. Bede&#8217;s brief account implies that Penda&#8217;s advance was initially held long enough to enable the ex-king Sigeberht to be brought to the front line from his minster at Beodericsworth [Bury St Edmund&#8217;s] [Historia Ecclesiastica III, 18].<\/p>\n<p>These are probably also the Dykes to which MS A of The Anglo-Saxon Chronicle refers in its entry for the year 905. Here we are told that the West Saxon king Edward the Elder pursued his cousin and dynastic rival \u00c6thelwold and his East Anglian allies, led by the Danish king Eohric, as they retreated towards south-west East Anglia after raiding Wessex.<\/p>\n<address style=\"padding-left: 90px;\"><em><strong>\u00dea for Eadweard cyning \u00e6fter, swa he ra\u00f0ost mehte his fird gegadrian,<\/strong><\/em><\/address>\n<address style=\"padding-left: 90px;\"><em>Then fared Edward king after [them] as soon as he might his force gather,<\/em><\/address>\n<address style=\"padding-left: 90px;\"><em><strong>ond oferhergade eall hira land betwuh dicum ond Wusan.<\/strong><\/em><\/address>\n<address style=\"padding-left: 90px;\"><em>and harried over all their land between Dykes &amp; [the Great] Ouse,<\/em><\/address>\n<address style=\"padding-left: 90px;\"><em><strong>eall o\u00f0 \u00f0a fennas nor\u00f0&#8230;.<\/strong> (905 MS A [904] )<\/em><\/address>\n<address style=\"padding-left: 90px;\"><em>all as far as the Fens [to the] north&#8230;. (my translation)<\/em><\/address>\n<p>If we take the river named as Wusa to be to the Great Ouse, rather than the Little Ouse or the Wissey, the implication is that the East Anglian army retreated behind the Dykes, beyond which Edward would not follow. Instead, he harried Danish controlled Cambridgeshire from the Dykes to the east and the Great Ouse, near Huntingdon, in the west, and as far north as the southern edge of the Fens. The Battle of the Holm followed, presumably when the Danes counter-attacked. In this battle, the exact site of which is uncertain, both \u00c6thelwold and Eohric were killed.<\/p>\n<p style=\"text-align: center;\"><a href=\"http:\/\/wuffings.co.uk\/wp-content\/uploads\/2014\/01\/2003_0804_Micelditch2-A.jpg\"><img loading=\"lazy\" decoding=\"async\" class=\"aligncenter  wp-image-857\" src=\"http:\/\/wuffings.co.uk\/wp-content\/uploads\/2014\/01\/2003_0804_Micelditch2-A.jpg\" alt=\"2003_0804_Micelditch2 A\" width=\"685\" height=\"187\" srcset=\"https:\/\/wuffings.co.uk\/wp-content\/uploads\/2014\/01\/2003_0804_Micelditch2-A.jpg 1260w, https:\/\/wuffings.co.uk\/wp-content\/uploads\/2014\/01\/2003_0804_Micelditch2-A-300x81.jpg 300w, https:\/\/wuffings.co.uk\/wp-content\/uploads\/2014\/01\/2003_0804_Micelditch2-A-1024x279.jpg 1024w, https:\/\/wuffings.co.uk\/wp-content\/uploads\/2014\/01\/2003_0804_Micelditch2-A-500x136.jpg 500w\" sizes=\"auto, (max-width: 685px) 100vw, 685px\" \/><\/a><\/p>\n<p style=\"text-align: center;\">Devil&#8217;s or St Edmund&#8217;s Dyke (author&#8217;s picture)<\/p>\n<p>It is probably Devil&#8217;s Dyke, the greatest of the series, to which Abbo of Fleury refers as a strategic defence line for the kingdom in his Passion of St Edmund, written not far away at Ramsey Abbey in the late nine-eighties. After describing East Anglia\u2019s natural defences of sea, river, and marsh, Abbo says that<\/p>\n<p style=\"padding-left: 30px;\">\u00a0on the side where the sun sets, the region is in contact with the rest of the island [of Britain] and on that account accessible; but as a bar to constant invasion by an enemy, a ditch sunk in the earth is fortified by a rampart equivalent to wall of great height (Passio II).<\/p>\n<p>The great linear earthwork named since late medieval times as Devil\u2019s Dyke was formerly known as St Edmund&#8217;s Dyke or simply Miceldic, &#8216;Great Ditch&#8217;. Its north-west end meets the Fen edge at Reach, where Reach Lode continues the line out into the Fens. From Reach the Dyke stetches inland for over seven miles, its south-east end being anchored in the wooded uplands near Dullingham. A footpath runs along the top of almost the entire length of its impressive rampart, which in places is still over sixty feet from the bottom of a ditch up to fifteen feet below ground surface. In many places it is astonishingly well preserved, apparently because, as recent work has shown, its builders managed to achieve the perfect angle for its sides so that the weather would cause the least damage.<\/p>\n<p style=\"text-align: center;\"><a href=\"http:\/\/wuffings.co.uk\/wp-content\/uploads\/2014\/01\/MicelDic1.jpg\"><img loading=\"lazy\" decoding=\"async\" class=\"aligncenter  wp-image-855\" src=\"http:\/\/wuffings.co.uk\/wp-content\/uploads\/2014\/01\/MicelDic1.jpg\" alt=\"MicelDic1\" width=\"721\" height=\"311\" \/><\/a><\/p>\n<p style=\"text-align: center;\">Looking south-east up the line of Devil&#8217;s Dyke towards Gallow&#8217;s Hill near Burwell, showing its well-preserved profile on the skyline (author&#8217;s photograph)<\/p>\n<p>The 7.5-mile length of Devil&#8217;s Dyke is aligned with precise straightness for 5.5 miles with just slight deflections at each end. It differs from other dykes in the series not only in its great length. For some reason, its line does not follow the shortest distance between upland and fen. As Sir Cyril Fox pointed out (The Archaeology of the Cambridge Region [Cambridge 1923], pp.124-125), Reach at its fenward end is on a promontory; an adjacent alignment, e.g. from Dullingham to Swaffham Bulbeck, would have shortened the required line by about two miles.<\/p>\n<p>The great height and length of Devil\u2019s Dyke implies a considerable degree of skill in planning and building. By analogy with the building of the early nineteenth-century railway embankments, it may be estimated that it would have taken around a thousand men about a year to build a single one-mile section.<\/p>\n<p style=\"text-align: center;\">\n<p style=\"text-align: center;\"><a href=\"http:\/\/wuffings.co.uk\/wp-content\/uploads\/2014\/01\/DSC06820-A.jpg\"><img loading=\"lazy\" decoding=\"async\" class=\"aligncenter  wp-image-863\" src=\"http:\/\/wuffings.co.uk\/wp-content\/uploads\/2014\/01\/DSC06820-A.jpg\" alt=\"DSC06820 A\" width=\"729\" height=\"547\" srcset=\"https:\/\/wuffings.co.uk\/wp-content\/uploads\/2014\/01\/DSC06820-A.jpg 1077w, https:\/\/wuffings.co.uk\/wp-content\/uploads\/2014\/01\/DSC06820-A-300x225.jpg 300w, https:\/\/wuffings.co.uk\/wp-content\/uploads\/2014\/01\/DSC06820-A-1024x768.jpg 1024w, https:\/\/wuffings.co.uk\/wp-content\/uploads\/2014\/01\/DSC06820-A-399x300.jpg 399w\" sizes=\"auto, (max-width: 729px) 100vw, 729px\" \/><\/a><\/p>\n<p style=\"text-align: center;\">Looking north-west along towards the fen edge with the Sutton Hoo Society on the march, Autumn 2012 (author&#8217;s photograph)<\/p>\n<p>The implication of the building of this major strategic line is that it was a royal undertaking utilising the resources of the whole kingdom. Once completed the Dyke marked the kingdom&#8217;s frontier for subsequent generations to see. In times of peace traffic moving up and down the ancient roads in and out of the kingdom would have been manageable by being channeled through gates. In times of war it would have functioned as a shield against enemy forces &#8211; certainly Abbo of Fleury regarded it a military deterrent [see the quotation above]. It later centuries it would mark part of the south-west edge of the Liberty of St Edmund and of Suffolk.<\/p>\n<p style=\"text-align: center;\"><a href=\"http:\/\/wuffings.co.uk\/wp-content\/uploads\/2014\/01\/2003_0807_FleamDyke4.jpg\"><img loading=\"lazy\" decoding=\"async\" class=\"aligncenter  wp-image-867\" src=\"http:\/\/wuffings.co.uk\/wp-content\/uploads\/2014\/01\/2003_0807_FleamDyke4.jpg\" alt=\"2003_0807_FleamDyke4\" width=\"686\" height=\"514\" srcset=\"https:\/\/wuffings.co.uk\/wp-content\/uploads\/2014\/01\/2003_0807_FleamDyke4.jpg 1280w, https:\/\/wuffings.co.uk\/wp-content\/uploads\/2014\/01\/2003_0807_FleamDyke4-300x225.jpg 300w, https:\/\/wuffings.co.uk\/wp-content\/uploads\/2014\/01\/2003_0807_FleamDyke4-1024x768.jpg 1024w, https:\/\/wuffings.co.uk\/wp-content\/uploads\/2014\/01\/2003_0807_FleamDyke4-400x300.jpg 400w\" sizes=\"auto, (max-width: 686px) 100vw, 686px\" \/><\/a><\/p>\n<p style=\"text-align: center;\">Fleam Dyke\u00a0(author&#8217;s photograph)<\/p>\n<p>Fleam Dyke lies some six miles south-west of the Devil\u2019s Dyke. In places its rampart still rises up to about 50 feet from the bottom of a ditch 11 feet, for its builders appear to have achieved the same ideal profile as the Devil&#8217;s Dyke. It also seems to be of similar early Anglo-Saxon date.<\/p>\n<p style=\"text-align: center;\"><a href=\"http:\/\/wuffings.co.uk\/wp-content\/uploads\/2014\/01\/FleamDic1.jpg\"><img loading=\"lazy\" decoding=\"async\" class=\"aligncenter  wp-image-871\" src=\"http:\/\/wuffings.co.uk\/wp-content\/uploads\/2014\/01\/FleamDic1.jpg\" alt=\"FleamDic1\" width=\"703\" height=\"357\" srcset=\"https:\/\/wuffings.co.uk\/wp-content\/uploads\/2014\/01\/FleamDic1.jpg 1183w, https:\/\/wuffings.co.uk\/wp-content\/uploads\/2014\/01\/FleamDic1-300x152.jpg 300w, https:\/\/wuffings.co.uk\/wp-content\/uploads\/2014\/01\/FleamDic1-1024x520.jpg 1024w, https:\/\/wuffings.co.uk\/wp-content\/uploads\/2014\/01\/FleamDic1-500x254.jpg 500w\" sizes=\"auto, (max-width: 703px) 100vw, 703px\" \/><\/a><\/p>\n<p style=\"text-align: center;\">Part of Fleam Dyke near Mutlow Hill, looking south-east (author&#8217;s photograph)<\/p>\n<p>In other respects Fleam Dyke differs from Devil&#8217;s Dyke. Its line looks much economically planned than that of the latter and more practical to man. Its fenward end incorporates Fulbourne Fen as part of its defence from where its main section of runs inland in a slightly curving line of around three miles up to something of a headland in the higher ground near Balsham. It also includes in its line a large Bronze Age barrow (dated to c.2000 BC) known as Mutlow Hill, the \u2018meeting mound\u2019 for adjacent hundreds in the early medieval period.<\/p>\n<p>Fox thought it likely that Fleam Dyke was in use as a defence line in the context of the great raids on East Anglia by Penda of Mercia around the years 640 and 650 (Archaeology of the Cambridge Region, pp.129-131). The name of the Dyke may also derive from this period, for it seems to be based on the Old English fleama, \u2018flight\u2019. Perhaps this was the line from which the East Anglian army retreated to Devil\u2019s Dyke after the initial clash of arms, as Bede may imply in his account of Penda\u2019s raid of c.640 [HE III, 18]. In the ensuing battle the East Anglian army was put to flight despite the presence on the field of the Wuffing priest-king Sigeberht (c.630-640), R\u00e6dwa1d\u2019s step-son.<\/p>\n<p style=\"text-align: center;\"><a href=\"http:\/\/wuffings.co.uk\/wp-content\/uploads\/2014\/01\/2003_0807_FleamDyke5.jpg\"><img loading=\"lazy\" decoding=\"async\" class=\"aligncenter  wp-image-873\" src=\"http:\/\/wuffings.co.uk\/wp-content\/uploads\/2014\/01\/2003_0807_FleamDyke5.jpg\" alt=\"2003_0807_FleamDyke5\" width=\"705\" height=\"529\" srcset=\"https:\/\/wuffings.co.uk\/wp-content\/uploads\/2014\/01\/2003_0807_FleamDyke5.jpg 1280w, https:\/\/wuffings.co.uk\/wp-content\/uploads\/2014\/01\/2003_0807_FleamDyke5-300x225.jpg 300w, https:\/\/wuffings.co.uk\/wp-content\/uploads\/2014\/01\/2003_0807_FleamDyke5-1024x768.jpg 1024w, https:\/\/wuffings.co.uk\/wp-content\/uploads\/2014\/01\/2003_0807_FleamDyke5-400x300.jpg 400w\" sizes=\"auto, (max-width: 705px) 100vw, 705px\" \/><\/a><\/p>\n<p style=\"text-align: center;\">Looking north-west up the line of Fleam Dyke near Mutlow Hill with my Madingley Hall Summer School (author&#8217;s photograph, August 2003)<\/p>\n<p>Further Reading<\/p>\n<p>Fox, Sir Cyril, <em>The Archaeology of the Cambridge Region<\/em> (Cambridge 1923).<\/p>\n<p>Malim, T., K.Penn, B.Robinson, G.Wait, K.Welsh, et al., \u201cNew Evidence on the Cambridgeshire Dykes and Worsted Steet Roman Road\u201d, <em>Proceedings of the Cambridge Antiquarian Society<\/em>, LXXXV (1996), pp.27-122.<\/p>\n<p>&nbsp;<\/p>\n<p>&nbsp;<\/p>\n<p>&nbsp;<\/p>\n<p>Return to Wuffing Sites Page<\/p>\n<p>&nbsp;<\/p>\n<p>&nbsp;<\/p>\n<p>&nbsp;<\/p>\n<p>&nbsp;<\/p>\n<p>&nbsp;<\/p>\n<p>&nbsp;<\/p>\n<p>&nbsp;<\/p>\n","protected":false},"excerpt":{"rendered":"<p>The Kingdom of the Wuffings, the land of the Eastern Angles, appears to correspond more of less to the counties of Norfolk and Suffolk. It is a region formed by nature. To the north and east it is given shape <span class=\"excerpt-dots\">&hellip;<\/span> <a class=\"more-link\" href=\"https:\/\/wuffings.co.uk\/index.php\/wuffing-resources\/the-defences-of-the-wuffing-kingdom\/\"><span class=\"more-msg\">Continue reading &rarr;<\/span><\/a><\/p>\n","protected":false},"author":1,"featured_media":0,"parent":47,"menu_order":0,"comment_status":"closed","ping_status":"closed","template":"","meta":{"footnotes":""},"class_list":["post-207","page","type-page","status-publish","hentry"],"_links":{"self":[{"href":"https:\/\/wuffings.co.uk\/index.php\/wp-json\/wp\/v2\/pages\/207","targetHints":{"allow":["GET"]}}],"collection":[{"href":"https:\/\/wuffings.co.uk\/index.php\/wp-json\/wp\/v2\/pages"}],"about":[{"href":"https:\/\/wuffings.co.uk\/index.php\/wp-json\/wp\/v2\/types\/page"}],"author":[{"embeddable":true,"href":"https:\/\/wuffings.co.uk\/index.php\/wp-json\/wp\/v2\/users\/1"}],"replies":[{"embeddable":true,"href":"https:\/\/wuffings.co.uk\/index.php\/wp-json\/wp\/v2\/comments?post=207"}],"version-history":[{"count":4,"href":"https:\/\/wuffings.co.uk\/index.php\/wp-json\/wp\/v2\/pages\/207\/revisions"}],"predecessor-version":[{"id":875,"href":"https:\/\/wuffings.co.uk\/index.php\/wp-json\/wp\/v2\/pages\/207\/revisions\/875"}],"up":[{"embeddable":true,"href":"https:\/\/wuffings.co.uk\/index.php\/wp-json\/wp\/v2\/pages\/47"}],"wp:attachment":[{"href":"https:\/\/wuffings.co.uk\/index.php\/wp-json\/wp\/v2\/media?parent=207"}],"curies":[{"name":"wp","href":"https:\/\/api.w.org\/{rel}","templated":true}]}}