{"id":185,"date":"2014-01-23T18:27:19","date_gmt":"2014-01-23T18:27:19","guid":{"rendered":"http:\/\/wuffings.co.uk\/?page_id=185"},"modified":"2014-01-23T18:27:19","modified_gmt":"2014-01-23T18:27:19","slug":"eni","status":"publish","type":"page","link":"https:\/\/wuffings.co.uk\/index.php\/wuffings-who-was-who\/section-b-the-house-of-wuffa-down-to-the-mid-eighth-century\/eni\/","title":{"rendered":"Eni"},"content":{"rendered":"<p>The father of Anna\/Onna according to Bede (HE III, 18); the father of \u00c6\u00feelric and son of Tyttla in \u00c6lfwald&#8217;s pedigree.<\/p>\n<p>\u00a9 Copyright Dr Sam Newton, Blotmona\u00fe AD 2000<\/p>\n","protected":false},"excerpt":{"rendered":"<p>The father of Anna\/Onna according to Bede (HE III, 18); the father of \u00c6\u00feelric and son of Tyttla in \u00c6lfwald&#8217;s pedigree. \u00a9 Copyright Dr Sam Newton, Blotmona\u00fe AD 2000<\/p>\n <a class=\"more-link\" href=\"https:\/\/wuffings.co.uk\/index.php\/wuffings-who-was-who\/section-b-the-house-of-wuffa-down-to-the-mid-eighth-century\/eni\/\"><span class=\"more-msg\">Continue reading &rarr;<\/span><\/a>","protected":false},"author":1,"featured_media":0,"parent":167,"menu_order":0,"comment_status":"closed","ping_status":"closed","template":"","meta":{"footnotes":""},"class_list":["post-185","page","type-page","status-publish","hentry"],"_links":{"self":[{"href":"https:\/\/wuffings.co.uk\/index.php\/wp-json\/wp\/v2\/pages\/185","targetHints":{"allow":["GET"]}}],"collection":[{"href":"https:\/\/wuffings.co.uk\/index.php\/wp-json\/wp\/v2\/pages"}],"about":[{"href":"https:\/\/wuffings.co.uk\/index.php\/wp-json\/wp\/v2\/types\/page"}],"author":[{"embeddable":true,"href":"https:\/\/wuffings.co.uk\/index.php\/wp-json\/wp\/v2\/users\/1"}],"replies":[{"embeddable":true,"href":"https:\/\/wuffings.co.uk\/index.php\/wp-json\/wp\/v2\/comments?post=185"}],"version-history":[{"count":1,"href":"https:\/\/wuffings.co.uk\/index.php\/wp-json\/wp\/v2\/pages\/185\/revisions"}],"predecessor-version":[{"id":187,"href":"https:\/\/wuffings.co.uk\/index.php\/wp-json\/wp\/v2\/pages\/185\/revisions\/187"}],"up":[{"embeddable":true,"href":"https:\/\/wuffings.co.uk\/index.php\/wp-json\/wp\/v2\/pages\/167"}],"wp:attachment":[{"href":"https:\/\/wuffings.co.uk\/index.php\/wp-json\/wp\/v2\/media?parent=185"}],"curies":[{"name":"wp","href":"https:\/\/api.w.org\/{rel}","templated":true}]}}