{"id":133,"date":"2014-01-23T17:16:43","date_gmt":"2014-01-23T17:16:43","guid":{"rendered":"http:\/\/wuffings.co.uk\/?page_id=133"},"modified":"2014-02-03T13:39:36","modified_gmt":"2014-02-03T13:39:36","slug":"echoes-of-the-lost-literature-of-the-wuffings-at-sutton-hoo","status":"publish","type":"page","link":"https:\/\/wuffings.co.uk\/index.php\/wuffing-resources\/echoes-of-the-lost-literature-of-the-wuffings-at-sutton-hoo\/","title":{"rendered":"Echoes of the Lost Literature of the Wuffings at Sutton Hoo"},"content":{"rendered":"<p>This is a page about the close relation between the Anglo-Saxon rite of mound-burial and the genre of Old English royal genealogical poetry. I discuss this matter in much more detail in Chapters Two and Three of my book, <a title=\"The Origins of Beowulf and the pre-Viking Kingdom of East Anglia\" href=\"http:\/\/wuffings.co.uk\/index.php\/about-me\/the-origins-of-beowulf-and-the-pre-viking-kingdom-of-east-anglia\/\"><em>The Origins of Beowulf<\/em><\/a> [D.S.Brewer 1993].<\/p>\n<p>Have you ever wondered how the Wuffings remembered who was buried in each of the mounds? There seems to be no evidence of gravestones or markers of any kind. Each mound could have been named after its occupant, as is indicated elsewhere by certain place-names such as Taplow, the <em>hl\u00e6w<\/em>, or mound, of an unknown Middle Saxon called Tappa. If the names of mounds can become place-names, then the names of the individuals buried in them are preserved, but what of their deeds? The most likely way that the deeds of those buried in the mounds of Sutton Hoo would have been remembered was through the medium of poetry. Each mound, in other words, would have been associated with at least verse or two, and the individual memorial verses when orchestrated would form a family genealogical poem.<\/p>\n<p>Examples of such genealogical poetry are preserved in Old Norse sagas, such as<em> Ynglingat\u00e1l<\/em>, &#8216;The Tally of the Ynglings&#8217;, attributed to Thj\u00f3\u00f0\u00f3lfr of Hvin, court poet of the Yngling dynasty of the Norse kingdom of Vestfold during the late ninth century. Snorre Sturluson incorporated <em>Ynglingat\u00e1l<\/em> as one of his main sources for his <em>Ynglinga Saga<\/em>, which forms the opening book of his great saga of the Norse kings, <em>Heimskringla<\/em>. The verses of <em>Ynglingat\u00e1l<\/em> provide regular information on the circumstances of the deaths and places of burial of many of the Yngling line, some of whom are said to have been buried at Borre.<\/p>\n<p><em>Ynglingat\u00e1l<\/em> and other Old Norse royal genealogical verse help to amplify the echoes of the genre found in the Old English poetry, such as in the epic of <em>Beowulf<\/em> and in the heroic catalogue poem <em>Widsith<\/em>. Although an Old English genealogical poem concerned directly with the Wuffings has not survived, the existence of such a poem is indicated by a reference in the <em>Passio<\/em> of the late eighth-century East Anglian king and martyr, <a title=\"Section C: A Regnal List of the Later East Anglian Kings\" href=\"http:\/\/wuffings.co.uk\/index.php\/wuffings-who-was-who\/a-regnal-list-of-the-later-east-anglian-kings\/\">St \u00c6thelbert<\/a>.<\/p>\n<p>On the basis of this reference, and drawing on the echoes of genealogical verse in Old English heroic poetry, I have attempted to replicate such a poem about the Wuffings, which I have called the <em>Wuffingaget\u00e6l<\/em>, the \u2018Tally of the Wuffings\u2019. I suggest that its opening might have sounded something like this in Old English (followed by a translation into modern English):<\/p>\n<h5 style=\"padding-left: 90px;\">Hw\u00e6t we \u00e6rwilum Wuffinga<\/h5>\n<h5 style=\"padding-left: 90px;\">\u00feeodena \u00ferym gefrunon,<\/h5>\n<h5 style=\"padding-left: 90px;\">hu \u00fea wulfcyningas weoldon<\/h5>\n<h5 style=\"padding-left: 90px;\">\u00e6\u00feeleard EstEnglelond?<\/h5>\n<h5 style=\"padding-left: 90px;\">Hwa m\u00e6g sege\u00f0 so\u00f0e m\u00e6re,<\/h5>\n<h5 style=\"padding-left: 90px;\">on hwilcum beorgum eacenbanas gebidian?<\/h5>\n<p style=\"padding-left: 30px;\"><em>What have we heard of the heroism\u00a0<\/em><em>of the Wuffing folk-lords of long ago,<\/em><\/p>\n<p style=\"padding-left: 30px;\"><em>of how those wolf-kings commanded\u00a0<\/em><em>East Anglia\u2019s ancestral soil?<\/em><\/p>\n<p style=\"padding-left: 30px;\"><em>Who can tell of their true fame,\u00a0<\/em><em>or in which barrows their mighty bones sleep?<\/em><\/p>\n<p>I composed these lines in 1989 and published them in <em>Wi\u00f0owinde<\/em> (Newsletter of the Old English Companions), Vol. LXXXVII (1990), pp.22-26. I also published there an imaginative poem in more modern English, but in the Old English epic style, on the deeds and death of King R\u00e6dwald, which I called <a title=\"HR\u00c6DWALDESHRIM [The Reckoning of R\u00e6dwald]\" href=\"http:\/\/wuffings.co.uk\/index.php\/wuffing-resources\/raedwald\/hraedwaldeshrim-the-reckoning-of-raedwald\/\"><em>Hr\u00e6dwaldeshrim<\/em><\/a>, &#8216;The Reckoning of R\u00e6dwald&#8217;.<\/p>\n<p style=\"text-align: center;\">\u00a9 Dr Sam Newton, AD 2000, 2014<\/p>\n","protected":false},"excerpt":{"rendered":"<p>This is a page about the close relation between the Anglo-Saxon rite of mound-burial and the genre of Old English royal genealogical poetry. I discuss this matter in much more detail in Chapters Two and Three of my book, The <span class=\"excerpt-dots\">&hellip;<\/span> <a class=\"more-link\" href=\"https:\/\/wuffings.co.uk\/index.php\/wuffing-resources\/echoes-of-the-lost-literature-of-the-wuffings-at-sutton-hoo\/\"><span class=\"more-msg\">Continue reading &rarr;<\/span><\/a><\/p>\n","protected":false},"author":1,"featured_media":0,"parent":47,"menu_order":0,"comment_status":"closed","ping_status":"closed","template":"","meta":{"footnotes":""},"class_list":["post-133","page","type-page","status-publish","hentry"],"_links":{"self":[{"href":"https:\/\/wuffings.co.uk\/index.php\/wp-json\/wp\/v2\/pages\/133","targetHints":{"allow":["GET"]}}],"collection":[{"href":"https:\/\/wuffings.co.uk\/index.php\/wp-json\/wp\/v2\/pages"}],"about":[{"href":"https:\/\/wuffings.co.uk\/index.php\/wp-json\/wp\/v2\/types\/page"}],"author":[{"embeddable":true,"href":"https:\/\/wuffings.co.uk\/index.php\/wp-json\/wp\/v2\/users\/1"}],"replies":[{"embeddable":true,"href":"https:\/\/wuffings.co.uk\/index.php\/wp-json\/wp\/v2\/comments?post=133"}],"version-history":[{"count":5,"href":"https:\/\/wuffings.co.uk\/index.php\/wp-json\/wp\/v2\/pages\/133\/revisions"}],"predecessor-version":[{"id":677,"href":"https:\/\/wuffings.co.uk\/index.php\/wp-json\/wp\/v2\/pages\/133\/revisions\/677"}],"up":[{"embeddable":true,"href":"https:\/\/wuffings.co.uk\/index.php\/wp-json\/wp\/v2\/pages\/47"}],"wp:attachment":[{"href":"https:\/\/wuffings.co.uk\/index.php\/wp-json\/wp\/v2\/media?parent=133"}],"curies":[{"name":"wp","href":"https:\/\/api.w.org\/{rel}","templated":true}]}}